{"id":16,"date":"2024-10-17T20:40:56","date_gmt":"2024-10-17T20:40:56","guid":{"rendered":"https:\/\/dcorreas.com\/?page_id=16"},"modified":"2025-01-10T09:15:08","modified_gmt":"2025-01-10T09:15:08","slug":"sobre-nosotros","status":"publish","type":"page","link":"https:\/\/dcorreas.com\/index.php\/sobre-nosotros\/","title":{"rendered":"Sobre nosotros"},"content":{"rendered":"\t\t<div data-elementor-type=\"wp-page\" data-elementor-id=\"16\" class=\"elementor elementor-16\" data-elementor-post-type=\"page\">\n\t\t\t\t<div class=\"elementor-element elementor-element-95ee705 e-flex e-con-boxed e-con e-parent\" data-id=\"95ee705\" data-element_type=\"container\" data-settings=\"{&quot;background_background&quot;:&quot;classic&quot;}\">\n\t\t\t\t\t<div class=\"e-con-inner\">\n\t\t<div class=\"elementor-element elementor-element-0f8534f e-grid e-con-full e-con e-child\" data-id=\"0f8534f\" data-element_type=\"container\">\n\t\t<div class=\"elementor-element elementor-element-e3403cf e-con-full e-flex e-con e-child\" data-id=\"e3403cf\" data-element_type=\"container\">\n\t\t\t\t<div class=\"elementor-element elementor-element-3083b7b elementor-widget elementor-widget-heading\" data-id=\"3083b7b\" data-element_type=\"widget\" data-widget_type=\"heading.default\">\n\t\t\t\t<div class=\"elementor-widget-container\">\n\t\t\t\t\t<h2 class=\"elementor-heading-title elementor-size-default\">Sobre nosotros<\/h2>\t\t\t\t<\/div>\n\t\t\t\t<\/div>\n\t\t\t\t<div class=\"elementor-element elementor-element-5f0b411 elementor-widget elementor-widget-text-editor\" data-id=\"5f0b411\" data-element_type=\"widget\" data-widget_type=\"text-editor.default\">\n\t\t\t\t<div class=\"elementor-widget-container\">\n\t\t\t\t\t\t\t\t\t<p>Correas Consultores<b>&nbsp;es una empresa dedicada al asesoramiento y gesti\u00f3n integral de empresas,<\/b> profesionales y particulares. Constituida en 1983, con el nombre de Domingo Correas Manzanares, SRC. y transformada en Correas Consultores, S.L.P. mediante acuerdo de transformaci\u00f3n de fecha 12 de Marzo de 2020.<\/p>\n<p>El<b> equipo profesional de nuestra empresa est\u00e1 formado por Licenciados <\/b>en Administraci\u00f3n y Direcci\u00f3n de Empresas, Licenciados en Derecho, Graduados Sociales, Diplomados en Ciencias Empresariales, Licenciados en Investigaci\u00f3n y T\u00e9cnicas de Mercado, M\u00e1ster en Alta Direcci\u00f3n Comercial y Marketing, T\u00e9cnico Superior en Administraci\u00f3n y Finanzas, T\u00e9cnicos Superiores de Administrativo. Colaboramos con Licenciados en Derecho y Empresa Auditora.<\/p>\n<p>\u2028Ponemos a disposici\u00f3n del cliente los medios m\u00e1s avanzos en software, los conocimientos y experiencia; siempre con un trato personalizado y de calidad, con el fin de satisfacer las necesidades especificas y puntuales de su negocio.<\/p>\t\t\t\t\t\t\t\t<\/div>\n\t\t\t\t<\/div>\n\t\t\t\t<\/div>\n\t\t<div class=\"elementor-element elementor-element-aa21c29 e-con-full e-flex e-con e-child\" data-id=\"aa21c29\" data-element_type=\"container\">\n\t\t\t\t<div class=\"elementor-element elementor-element-659e28e elementor-widget elementor-widget-image\" data-id=\"659e28e\" data-element_type=\"widget\" data-widget_type=\"image.default\">\n\t\t\t\t<div class=\"elementor-widget-container\">\n\t\t\t\t\t\t\t\t\t\t\t\t\t\t\t<img decoding=\"async\" src=\"https:\/\/dcorreas.com\/wp-content\/uploads\/2024\/10\/confident-business-people-standing-together-scaled-e1730191702480.jpg\" title=\"Confident business people standing together\" alt=\"Confident business people standing together\" loading=\"lazy\" \/>\t\t\t\t\t\t\t\t\t\t\t\t\t\t\t<\/div>\n\t\t\t\t<\/div>\n\t\t\t\t<\/div>\n\t\t\t\t<\/div>\n\t\t\t\t\t<\/div>\n\t\t\t\t<\/div>\n\t\t\t\t<\/div>\n\t\t","protected":false},"excerpt":{"rendered":"<p>Sobre nosotros Correas Consultores&nbsp;es una empresa dedicada al asesoramiento y gesti\u00f3n integral de empresas, profesionales y particulares. Constituida en 1983, con el nombre de Domingo Correas Manzanares, SRC. y transformada en Correas Consultores, S.L.P. mediante acuerdo de transformaci\u00f3n de fecha 12 de Marzo de 2020. El equipo profesional de nuestra empresa est\u00e1 formado por Licenciados [&hellip;]<\/p>\n","protected":false},"author":2,"featured_media":0,"parent":0,"menu_order":0,"comment_status":"closed","ping_status":"closed","template":"","meta":{"footnotes":""},"class_list":["post-16","page","type-page","status-publish","hentry"],"_links":{"self":[{"href":"https:\/\/dcorreas.com\/index.php\/wp-json\/wp\/v2\/pages\/16","targetHints":{"allow":["GET"]}}],"collection":[{"href":"https:\/\/dcorreas.com\/index.php\/wp-json\/wp\/v2\/pages"}],"about":[{"href":"https:\/\/dcorreas.com\/index.php\/wp-json\/wp\/v2\/types\/page"}],"author":[{"embeddable":true,"href":"https:\/\/dcorreas.com\/index.php\/wp-json\/wp\/v2\/users\/2"}],"replies":[{"embeddable":true,"href":"https:\/\/dcorreas.com\/index.php\/wp-json\/wp\/v2\/comments?post=16"}],"version-history":[{"count":37,"href":"https:\/\/dcorreas.com\/index.php\/wp-json\/wp\/v2\/pages\/16\/revisions"}],"predecessor-version":[{"id":1566,"href":"https:\/\/dcorreas.com\/index.php\/wp-json\/wp\/v2\/pages\/16\/revisions\/1566"}],"wp:attachment":[{"href":"https:\/\/dcorreas.com\/index.php\/wp-json\/wp\/v2\/media?parent=16"}],"curies":[{"name":"wp","href":"https:\/\/api.w.org\/{rel}","templated":true}]}}