{"id":17,"date":"2024-10-17T20:41:04","date_gmt":"2024-10-17T20:41:04","guid":{"rendered":"https:\/\/dcorreas.com\/?page_id=17"},"modified":"2024-10-29T09:19:05","modified_gmt":"2024-10-29T09:19:05","slug":"servicios","status":"publish","type":"page","link":"https:\/\/dcorreas.com\/index.php\/servicios\/","title":{"rendered":"Servicios"},"content":{"rendered":"\t\t<div data-elementor-type=\"wp-page\" data-elementor-id=\"17\" class=\"elementor elementor-17\" data-elementor-post-type=\"page\">\n\t\t\t\t<div class=\"elementor-element elementor-element-cfacb79 e-flex e-con-boxed e-con e-parent\" data-id=\"cfacb79\" data-element_type=\"container\" data-settings=\"{&quot;background_background&quot;:&quot;classic&quot;}\">\n\t\t\t\t\t<div class=\"e-con-inner\">\n\t\t<div class=\"elementor-element elementor-element-5486dc4 e-con-full e-flex e-con e-child\" data-id=\"5486dc4\" data-element_type=\"container\">\n\t\t\t\t<div class=\"elementor-element elementor-element-65711bf elementor-widget elementor-widget-heading\" data-id=\"65711bf\" data-element_type=\"widget\" data-widget_type=\"heading.default\">\n\t\t\t\t<div class=\"elementor-widget-container\">\n\t\t\t\t\t<h2 class=\"elementor-heading-title elementor-size-default\">Servicios<\/h2>\t\t\t\t<\/div>\n\t\t\t\t<\/div>\n\t\t\t\t<\/div>\n\t\t<div class=\"elementor-element elementor-element-dc7635d e-grid e-con-full e-con e-child\" data-id=\"dc7635d\" data-element_type=\"container\">\n\t\t<div class=\"elementor-element elementor-element-decaef0 e-con-full e-flex e-con e-child\" data-id=\"decaef0\" data-element_type=\"container\">\n\t\t\t\t<div class=\"elementor-element elementor-element-ffcc105 elementor-widget elementor-widget-image\" data-id=\"ffcc105\" data-element_type=\"widget\" data-widget_type=\"image.default\">\n\t\t\t\t<div class=\"elementor-widget-container\">\n\t\t\t\t\t\t\t\t\t\t\t\t\t\t\t<img decoding=\"async\" width=\"43\" height=\"42\" src=\"https:\/\/dcorreas.com\/wp-content\/uploads\/2024\/10\/Corporativo.svg\" class=\"attachment-full size-full wp-image-175\" alt=\"Corporativo\" \/>\t\t\t\t\t\t\t\t\t\t\t\t\t\t\t<\/div>\n\t\t\t\t<\/div>\n\t\t\t\t<div class=\"elementor-element elementor-element-73ef46a elementor-widget elementor-widget-heading\" data-id=\"73ef46a\" data-element_type=\"widget\" data-widget_type=\"heading.default\">\n\t\t\t\t<div class=\"elementor-widget-container\">\n\t\t\t\t\t<h2 class=\"elementor-heading-title elementor-size-default\"><b>Fiscal y Contable<\/b><\/h2>\t\t\t\t<\/div>\n\t\t\t\t<\/div>\n\t\t\t\t<div class=\"elementor-element elementor-element-7f0cd7e elementor-align-right elementor-mobile-align-center elementor-widget elementor-widget-button\" data-id=\"7f0cd7e\" data-element_type=\"widget\" data-widget_type=\"button.default\">\n\t\t\t\t<div class=\"elementor-widget-container\">\n\t\t\t\t\t\t\t\t\t<div class=\"elementor-button-wrapper\">\n\t\t\t\t\t<a class=\"elementor-button elementor-button-link elementor-size-sm\" href=\"https:\/\/dcorreas.com\/index.php\/fiscal-y-contable\/\" target=\"_blank\">\n\t\t\t\t\t\t<span class=\"elementor-button-content-wrapper\">\n\t\t\t\t\t\t<span class=\"elementor-button-icon\">\n\t\t\t\t<svg xmlns=\"http:\/\/www.w3.org\/2000\/svg\" width=\"17\" height=\"11\" viewBox=\"0 0 17 11\" fill=\"none\"><path d=\"M8.73936 2.6875V2.71484C10.4347 2.71484 11.8019 4.08203 11.8019 5.75C11.8019 7.44531 10.4347 8.8125 8.73936 8.8125C7.04404 8.8125 5.67686 7.44531 5.67686 5.75C5.67686 5.44922 5.73154 5.17578 5.81357 4.90234C6.00498 5.03906 6.27842 5.09375 6.55186 5.09375C7.37217 5.09375 8.08311 4.41016 8.08311 3.5625C8.05576 3.31641 8.00107 3.04297 7.86436 2.82422C8.13779 2.74219 8.43857 2.71484 8.73936 2.6875ZM16.505 5.36719C16.5597 5.47656 16.587 5.61328 16.587 5.77734C16.587 5.91406 16.5597 6.05078 16.505 6.16016C15.0284 9.05859 12.0753 11 8.73936 11C5.37607 11 2.42295 9.05859 0.946386 6.16016C0.891699 6.05078 0.864355 5.91406 0.864355 5.75C0.864355 5.61328 0.891699 5.47656 0.946386 5.36719C2.42295 2.46875 5.37607 0.5 8.73936 0.5C12.0753 0.5 15.0284 2.46875 16.505 5.36719ZM8.73936 9.6875C11.419 9.6875 13.9073 8.18359 15.2198 5.75C13.9073 3.31641 11.419 1.8125 8.73936 1.8125C6.03232 1.8125 3.54404 3.31641 2.23154 5.75C3.54404 8.18359 6.03232 9.6875 8.73936 9.6875Z\" fill=\"#94BE3C\"><\/path><\/svg>\t\t\t<\/span>\n\t\t\t\t\t\t\t\t\t<span class=\"elementor-button-text\">Ver m\u00e1s<\/span>\n\t\t\t\t\t<\/span>\n\t\t\t\t\t<\/a>\n\t\t\t\t<\/div>\n\t\t\t\t\t\t\t\t<\/div>\n\t\t\t\t<\/div>\n\t\t\t\t<\/div>\n\t\t<div class=\"elementor-element elementor-element-6d63e2e e-con-full e-flex e-con e-child\" data-id=\"6d63e2e\" data-element_type=\"container\">\n\t\t\t\t<div class=\"elementor-element elementor-element-9cc81d1 elementor-widget elementor-widget-image\" data-id=\"9cc81d1\" data-element_type=\"widget\" data-widget_type=\"image.default\">\n\t\t\t\t<div class=\"elementor-widget-container\">\n\t\t\t\t\t\t\t\t\t\t\t\t\t\t\t<img decoding=\"async\" width=\"43\" height=\"43\" src=\"https:\/\/dcorreas.com\/wp-content\/uploads\/2024\/10\/Laboral-1.svg\" class=\"attachment-full size-full wp-image-178\" alt=\"Laboral\" \/>\t\t\t\t\t\t\t\t\t\t\t\t\t\t\t<\/div>\n\t\t\t\t<\/div>\n\t\t\t\t<div class=\"elementor-element elementor-element-8de75af elementor-widget elementor-widget-heading\" data-id=\"8de75af\" data-element_type=\"widget\" data-widget_type=\"heading.default\">\n\t\t\t\t<div class=\"elementor-widget-container\">\n\t\t\t\t\t<h2 class=\"elementor-heading-title elementor-size-default\"><b>Laboral<\/b><\/h2>\t\t\t\t<\/div>\n\t\t\t\t<\/div>\n\t\t\t\t<div class=\"elementor-element elementor-element-cab63db elementor-align-right elementor-mobile-align-center elementor-widget elementor-widget-button\" data-id=\"cab63db\" data-element_type=\"widget\" data-widget_type=\"button.default\">\n\t\t\t\t<div class=\"elementor-widget-container\">\n\t\t\t\t\t\t\t\t\t<div class=\"elementor-button-wrapper\">\n\t\t\t\t\t<a class=\"elementor-button elementor-button-link elementor-size-sm\" href=\"https:\/\/dcorreas.com\/index.php\/laboral\/\" target=\"_blank\">\n\t\t\t\t\t\t<span class=\"elementor-button-content-wrapper\">\n\t\t\t\t\t\t<span class=\"elementor-button-icon\">\n\t\t\t\t<svg xmlns=\"http:\/\/www.w3.org\/2000\/svg\" width=\"17\" height=\"11\" viewBox=\"0 0 17 11\" fill=\"none\"><path d=\"M8.73936 2.6875V2.71484C10.4347 2.71484 11.8019 4.08203 11.8019 5.75C11.8019 7.44531 10.4347 8.8125 8.73936 8.8125C7.04404 8.8125 5.67686 7.44531 5.67686 5.75C5.67686 5.44922 5.73154 5.17578 5.81357 4.90234C6.00498 5.03906 6.27842 5.09375 6.55186 5.09375C7.37217 5.09375 8.08311 4.41016 8.08311 3.5625C8.05576 3.31641 8.00107 3.04297 7.86436 2.82422C8.13779 2.74219 8.43857 2.71484 8.73936 2.6875ZM16.505 5.36719C16.5597 5.47656 16.587 5.61328 16.587 5.77734C16.587 5.91406 16.5597 6.05078 16.505 6.16016C15.0284 9.05859 12.0753 11 8.73936 11C5.37607 11 2.42295 9.05859 0.946386 6.16016C0.891699 6.05078 0.864355 5.91406 0.864355 5.75C0.864355 5.61328 0.891699 5.47656 0.946386 5.36719C2.42295 2.46875 5.37607 0.5 8.73936 0.5C12.0753 0.5 15.0284 2.46875 16.505 5.36719ZM8.73936 9.6875C11.419 9.6875 13.9073 8.18359 15.2198 5.75C13.9073 3.31641 11.419 1.8125 8.73936 1.8125C6.03232 1.8125 3.54404 3.31641 2.23154 5.75C3.54404 8.18359 6.03232 9.6875 8.73936 9.6875Z\" fill=\"#94BE3C\"><\/path><\/svg>\t\t\t<\/span>\n\t\t\t\t\t\t\t\t\t<span class=\"elementor-button-text\">Ver m\u00e1s<\/span>\n\t\t\t\t\t<\/span>\n\t\t\t\t\t<\/a>\n\t\t\t\t<\/div>\n\t\t\t\t\t\t\t\t<\/div>\n\t\t\t\t<\/div>\n\t\t\t\t<\/div>\n\t\t<div class=\"elementor-element elementor-element-78e5a4f e-con-full e-flex e-con e-child\" data-id=\"78e5a4f\" data-element_type=\"container\">\n\t\t\t\t<div class=\"elementor-element elementor-element-2aa4913 elementor-widget elementor-widget-image\" data-id=\"2aa4913\" data-element_type=\"widget\" data-widget_type=\"image.default\">\n\t\t\t\t<div class=\"elementor-widget-container\">\n\t\t\t\t\t\t\t\t\t\t\t\t\t\t\t<img decoding=\"async\" width=\"43\" height=\"44\" src=\"https:\/\/dcorreas.com\/wp-content\/uploads\/2024\/10\/Mercantil-1.svg\" class=\"attachment-full size-full wp-image-179\" alt=\"Mercantil\" \/>\t\t\t\t\t\t\t\t\t\t\t\t\t\t\t<\/div>\n\t\t\t\t<\/div>\n\t\t\t\t<div class=\"elementor-element elementor-element-b08081c elementor-widget elementor-widget-heading\" data-id=\"b08081c\" data-element_type=\"widget\" data-widget_type=\"heading.default\">\n\t\t\t\t<div class=\"elementor-widget-container\">\n\t\t\t\t\t<h2 class=\"elementor-heading-title elementor-size-default\"><b>Mercantil<\/b><\/h2>\t\t\t\t<\/div>\n\t\t\t\t<\/div>\n\t\t\t\t<div class=\"elementor-element elementor-element-4eff17a elementor-align-right elementor-mobile-align-center elementor-widget elementor-widget-button\" data-id=\"4eff17a\" data-element_type=\"widget\" data-widget_type=\"button.default\">\n\t\t\t\t<div class=\"elementor-widget-container\">\n\t\t\t\t\t\t\t\t\t<div class=\"elementor-button-wrapper\">\n\t\t\t\t\t<a class=\"elementor-button elementor-button-link elementor-size-sm\" href=\"https:\/\/dcorreas.com\/index.php\/mercantil\/\" target=\"_blank\">\n\t\t\t\t\t\t<span class=\"elementor-button-content-wrapper\">\n\t\t\t\t\t\t<span class=\"elementor-button-icon\">\n\t\t\t\t<svg xmlns=\"http:\/\/www.w3.org\/2000\/svg\" width=\"17\" height=\"11\" viewBox=\"0 0 17 11\" fill=\"none\"><path d=\"M8.73936 2.6875V2.71484C10.4347 2.71484 11.8019 4.08203 11.8019 5.75C11.8019 7.44531 10.4347 8.8125 8.73936 8.8125C7.04404 8.8125 5.67686 7.44531 5.67686 5.75C5.67686 5.44922 5.73154 5.17578 5.81357 4.90234C6.00498 5.03906 6.27842 5.09375 6.55186 5.09375C7.37217 5.09375 8.08311 4.41016 8.08311 3.5625C8.05576 3.31641 8.00107 3.04297 7.86436 2.82422C8.13779 2.74219 8.43857 2.71484 8.73936 2.6875ZM16.505 5.36719C16.5597 5.47656 16.587 5.61328 16.587 5.77734C16.587 5.91406 16.5597 6.05078 16.505 6.16016C15.0284 9.05859 12.0753 11 8.73936 11C5.37607 11 2.42295 9.05859 0.946386 6.16016C0.891699 6.05078 0.864355 5.91406 0.864355 5.75C0.864355 5.61328 0.891699 5.47656 0.946386 5.36719C2.42295 2.46875 5.37607 0.5 8.73936 0.5C12.0753 0.5 15.0284 2.46875 16.505 5.36719ZM8.73936 9.6875C11.419 9.6875 13.9073 8.18359 15.2198 5.75C13.9073 3.31641 11.419 1.8125 8.73936 1.8125C6.03232 1.8125 3.54404 3.31641 2.23154 5.75C3.54404 8.18359 6.03232 9.6875 8.73936 9.6875Z\" fill=\"#94BE3C\"><\/path><\/svg>\t\t\t<\/span>\n\t\t\t\t\t\t\t\t\t<span class=\"elementor-button-text\">Ver m\u00e1s<\/span>\n\t\t\t\t\t<\/span>\n\t\t\t\t\t<\/a>\n\t\t\t\t<\/div>\n\t\t\t\t\t\t\t\t<\/div>\n\t\t\t\t<\/div>\n\t\t\t\t<\/div>\n\t\t<div class=\"elementor-element elementor-element-c200075 e-con-full e-flex e-con e-child\" data-id=\"c200075\" data-element_type=\"container\">\n\t\t\t\t<div class=\"elementor-element elementor-element-33a90d1 elementor-widget elementor-widget-image\" data-id=\"33a90d1\" data-element_type=\"widget\" data-widget_type=\"image.default\">\n\t\t\t\t<div class=\"elementor-widget-container\">\n\t\t\t\t\t\t\t\t\t\t\t\t\t\t\t<img loading=\"lazy\" decoding=\"async\" width=\"43\" height=\"43\" src=\"https:\/\/dcorreas.com\/wp-content\/uploads\/2024\/10\/Mercantil.svg\" class=\"attachment-full size-full wp-image-104\" alt=\"Mercanti\" \/>\t\t\t\t\t\t\t\t\t\t\t\t\t\t\t<\/div>\n\t\t\t\t<\/div>\n\t\t\t\t<div class=\"elementor-element elementor-element-88d174f elementor-widget elementor-widget-heading\" data-id=\"88d174f\" data-element_type=\"widget\" data-widget_type=\"heading.default\">\n\t\t\t\t<div class=\"elementor-widget-container\">\n\t\t\t\t\t<h2 class=\"elementor-heading-title elementor-size-default\"><b>Otros servicios<\/b><\/h2>\t\t\t\t<\/div>\n\t\t\t\t<\/div>\n\t\t\t\t<div class=\"elementor-element elementor-element-b24c2c1 elementor-align-right elementor-mobile-align-center elementor-widget elementor-widget-button\" data-id=\"b24c2c1\" data-element_type=\"widget\" data-widget_type=\"button.default\">\n\t\t\t\t<div class=\"elementor-widget-container\">\n\t\t\t\t\t\t\t\t\t<div class=\"elementor-button-wrapper\">\n\t\t\t\t\t<a class=\"elementor-button elementor-button-link elementor-size-sm\" href=\"https:\/\/dcorreas.com\/index.php\/otros-servicios\/\" target=\"_blank\">\n\t\t\t\t\t\t<span class=\"elementor-button-content-wrapper\">\n\t\t\t\t\t\t<span class=\"elementor-button-icon\">\n\t\t\t\t<svg xmlns=\"http:\/\/www.w3.org\/2000\/svg\" width=\"17\" height=\"11\" viewBox=\"0 0 17 11\" fill=\"none\"><path d=\"M8.73936 2.6875V2.71484C10.4347 2.71484 11.8019 4.08203 11.8019 5.75C11.8019 7.44531 10.4347 8.8125 8.73936 8.8125C7.04404 8.8125 5.67686 7.44531 5.67686 5.75C5.67686 5.44922 5.73154 5.17578 5.81357 4.90234C6.00498 5.03906 6.27842 5.09375 6.55186 5.09375C7.37217 5.09375 8.08311 4.41016 8.08311 3.5625C8.05576 3.31641 8.00107 3.04297 7.86436 2.82422C8.13779 2.74219 8.43857 2.71484 8.73936 2.6875ZM16.505 5.36719C16.5597 5.47656 16.587 5.61328 16.587 5.77734C16.587 5.91406 16.5597 6.05078 16.505 6.16016C15.0284 9.05859 12.0753 11 8.73936 11C5.37607 11 2.42295 9.05859 0.946386 6.16016C0.891699 6.05078 0.864355 5.91406 0.864355 5.75C0.864355 5.61328 0.891699 5.47656 0.946386 5.36719C2.42295 2.46875 5.37607 0.5 8.73936 0.5C12.0753 0.5 15.0284 2.46875 16.505 5.36719ZM8.73936 9.6875C11.419 9.6875 13.9073 8.18359 15.2198 5.75C13.9073 3.31641 11.419 1.8125 8.73936 1.8125C6.03232 1.8125 3.54404 3.31641 2.23154 5.75C3.54404 8.18359 6.03232 9.6875 8.73936 9.6875Z\" fill=\"#94BE3C\"><\/path><\/svg>\t\t\t<\/span>\n\t\t\t\t\t\t\t\t\t<span class=\"elementor-button-text\">Ver m\u00e1s<\/span>\n\t\t\t\t\t<\/span>\n\t\t\t\t\t<\/a>\n\t\t\t\t<\/div>\n\t\t\t\t\t\t\t\t<\/div>\n\t\t\t\t<\/div>\n\t\t\t\t<\/div>\n\t\t\t\t<\/div>\n\t\t<div class=\"elementor-element elementor-element-5d7b4ed e-grid e-con-full e-con e-child\" data-id=\"5d7b4ed\" data-element_type=\"container\">\n\t\t\t\t<\/div>\n\t\t\t\t\t<\/div>\n\t\t\t\t<\/div>\n\t\t\t\t<\/div>\n\t\t","protected":false},"excerpt":{"rendered":"<p>Servicios Fiscal y Contable Ver m\u00e1s Laboral Ver m\u00e1s Mercantil Ver m\u00e1s Otros servicios Ver m\u00e1s<\/p>\n","protected":false},"author":2,"featured_media":0,"parent":0,"menu_order":0,"comment_status":"closed","ping_status":"closed","template":"","meta":{"footnotes":""},"class_list":["post-17","page","type-page","status-publish","hentry"],"_links":{"self":[{"href":"https:\/\/dcorreas.com\/index.php\/wp-json\/wp\/v2\/pages\/17","targetHints":{"allow":["GET"]}}],"collection":[{"href":"https:\/\/dcorreas.com\/index.php\/wp-json\/wp\/v2\/pages"}],"about":[{"href":"https:\/\/dcorreas.com\/index.php\/wp-json\/wp\/v2\/types\/page"}],"author":[{"embeddable":true,"href":"https:\/\/dcorreas.com\/index.php\/wp-json\/wp\/v2\/users\/2"}],"replies":[{"embeddable":true,"href":"https:\/\/dcorreas.com\/index.php\/wp-json\/wp\/v2\/comments?post=17"}],"version-history":[{"count":37,"href":"https:\/\/dcorreas.com\/index.php\/wp-json\/wp\/v2\/pages\/17\/revisions"}],"predecessor-version":[{"id":1332,"href":"https:\/\/dcorreas.com\/index.php\/wp-json\/wp\/v2\/pages\/17\/revisions\/1332"}],"wp:attachment":[{"href":"https:\/\/dcorreas.com\/index.php\/wp-json\/wp\/v2\/media?parent=17"}],"curies":[{"name":"wp","href":"https:\/\/api.w.org\/{rel}","templated":true}]}}