{"id":232,"date":"2024-10-18T15:33:57","date_gmt":"2024-10-18T15:33:57","guid":{"rendered":"https:\/\/dcorreas.com\/?page_id=232"},"modified":"2024-10-29T09:16:16","modified_gmt":"2024-10-29T09:16:16","slug":"fiscal-y-contable","status":"publish","type":"page","link":"https:\/\/dcorreas.com\/index.php\/fiscal-y-contable\/","title":{"rendered":"Fiscal y Contable"},"content":{"rendered":"\t\t<div data-elementor-type=\"wp-page\" data-elementor-id=\"232\" class=\"elementor elementor-232\" data-elementor-post-type=\"page\">\n\t\t\t\t<div class=\"elementor-element elementor-element-bc5df89 e-flex e-con-boxed e-con e-parent\" data-id=\"bc5df89\" data-element_type=\"container\" data-settings=\"{&quot;background_background&quot;:&quot;classic&quot;}\">\n\t\t\t\t\t<div class=\"e-con-inner\">\n\t\t<div class=\"elementor-element elementor-element-c0ae3b8 e-grid e-con-full e-con e-child\" data-id=\"c0ae3b8\" data-element_type=\"container\">\n\t\t<div class=\"elementor-element elementor-element-4e95826 e-con-full e-flex e-con e-child\" data-id=\"4e95826\" data-element_type=\"container\">\n\t\t\t\t<div class=\"elementor-element elementor-element-8108841 elementor-icon-list--layout-traditional elementor-list-item-link-full_width elementor-widget elementor-widget-icon-list\" data-id=\"8108841\" data-element_type=\"widget\" data-widget_type=\"icon-list.default\">\n\t\t\t\t<div class=\"elementor-widget-container\">\n\t\t\t\t\t\t\t<ul class=\"elementor-icon-list-items\">\n\t\t\t\t\t\t\t<li class=\"elementor-icon-list-item\">\n\t\t\t\t\t\t\t\t\t\t\t<span class=\"elementor-icon-list-icon\">\n\t\t\t\t\t\t\t<svg xmlns=\"http:\/\/www.w3.org\/2000\/svg\" width=\"43\" height=\"43\" viewBox=\"0 0 43 43\" fill=\"none\"><g clip-path=\"url(#clip0_4134_1740)\"><g clip-path=\"url(#clip1_4134_1740)\"><path d=\"M26.4484 15.3527C26.4484 17.9785 28.3599 20.1148 30.7093 20.1148H30.7387C33.0881 20.1148 34.9995 17.9785 34.9995 15.3527C34.9993 14.9769 35 14.3848 34.9989 14.3142C34.9976 14.2354 34.9857 14.1609 34.9632 14.0866C34.9378 14.0055 32.769 7.34038 32.1429 5.41537C32.697 4.93859 33.0549 4.19054 33.0549 3.35046C33.0549 1.91395 32.0092 0.74523 30.7238 0.74523C29.5508 0.74523 28.5779 1.71876 28.4168 2.98085H21.2641C20.9554 1.28243 19.6091 0 17.9996 0C16.3901 0 15.0437 1.28235 14.7351 2.98085H7.58231C7.42121 1.71876 6.44829 0.74523 5.27523 0.74523C3.98994 0.74523 2.94417 1.91388 2.94417 3.35046C2.94417 4.19054 3.30217 4.93859 3.8562 5.41537C3.36479 6.92632 1.06475 13.9946 1.03586 14.0866C1.01235 14.1644 1.00133 14.2395 1.00013 14.3142C0.999139 14.3798 0.99967 15.0694 0.999537 15.3527C0.999537 17.9785 2.91097 20.1148 5.26042 20.1148H5.28977C7.63922 20.1148 9.55065 17.9785 9.55065 15.3527C9.55045 14.9769 9.55112 14.3848 9.55006 14.3142C9.54873 14.2351 9.53618 14.158 9.51426 14.0866C9.50224 14.0465 7.34471 7.41586 6.69399 5.41537C6.98512 5.16488 7.22206 4.83966 7.38143 4.46522H14.735C14.8697 5.20674 15.2026 5.86855 15.6685 6.37932V21.6112H14.3322C12.7228 21.6112 11.3764 22.8936 11.0678 24.5921H6.99774C3.69045 24.5922 0.999604 27.5996 0.999604 31.2961C0.999604 34.9857 3.67046 38 6.99787 38H33.002C34.1034 38 34.9995 36.9984 34.9995 35.7674C34.9995 34.5339 34.1058 33.5348 33.0019 33.5348H32.7599C32.1889 32.0324 32.1889 30.5599 32.7599 29.0574H33.0019C34.1034 29.0574 34.9995 28.0559 34.9995 26.8248C34.9995 25.5913 34.1058 24.5922 33.0019 24.5922H24.9313C24.6227 22.8937 23.2763 21.6113 21.6668 21.6113H20.3306V6.37932C20.7965 5.86855 21.1293 5.20674 21.2641 4.46522H28.6176C28.7769 4.83966 29.014 5.16488 29.3051 5.41537C28.6544 7.41586 26.4968 14.0465 26.4848 14.0866C26.4622 14.1599 26.4503 14.2368 26.449 14.3142C26.448 14.3797 26.4486 15.0693 26.4484 15.3527ZM33.6714 15.3527C33.6714 17.1601 32.3558 18.6305 30.7387 18.6305H30.7093C29.0921 18.6305 27.7765 17.16 27.7765 15.3527V15.0694H33.6714V15.3527ZM30.724 2.22961C31.2769 2.22961 31.7269 2.73236 31.7269 3.35046C31.7269 3.96848 31.277 4.47138 30.724 4.47138C30.171 4.47138 29.7211 3.96855 29.7211 3.35046C29.7211 2.73244 30.1709 2.22961 30.724 2.22961ZM17.9996 1.48438C19.104 1.48438 20.0026 2.48863 20.0026 3.72304C20.0026 4.95744 19.104 5.96177 17.9996 5.96177C16.8951 5.96177 15.9966 4.95752 15.9966 3.72311C15.9966 2.4887 16.8952 1.48438 17.9996 1.48438ZM5.27523 2.22961C5.82819 2.22961 6.27809 2.73236 6.27809 3.35046C6.27809 3.96848 5.82826 4.47138 5.27523 4.47138C4.72226 4.47138 4.2723 3.96855 4.2723 3.35046C4.27236 2.73244 4.72226 2.22961 5.27523 2.22961ZM8.22266 15.3527C8.22266 17.1601 6.90703 18.6305 5.2899 18.6305H5.26055C3.64336 18.6305 2.32773 17.16 2.32773 15.3527V15.0694H8.22266V15.3527ZM7.93864 13.5849H2.61181L5.09646 5.9473C5.22868 5.95843 5.32171 5.95843 5.45399 5.9473L7.93864 13.5849ZM31.3402 33.5348H6.99787C5.8934 33.5348 4.99486 32.5305 4.99486 31.2961C4.99486 30.0597 5.89154 29.0574 6.99787 29.0574H31.3402C30.8922 30.5467 30.8922 32.0455 31.3402 33.5348ZM33.6714 26.8248C33.6714 27.2374 33.3711 27.573 33.0019 27.573H6.99787C5.15756 27.573 3.66674 29.2392 3.66674 31.2961C3.66674 33.349 5.16108 35.0192 6.99787 35.0192C8.07458 35.0192 31.9701 35.0194 33.002 35.0192C33.3715 35.0192 33.6715 35.3542 33.6715 35.7674C33.6715 36.18 33.3712 36.5156 33.002 36.5156H6.99787C4.42191 36.5156 2.32773 34.186 2.32773 31.2961C2.32773 28.4181 4.42271 26.0765 6.9978 26.0765H33.0019C33.3716 26.0765 33.6714 26.4116 33.6714 26.8248ZM23.5562 24.5922H12.443C12.7176 23.7216 13.4606 23.0957 14.3324 23.0957H21.6668C22.5386 23.0957 23.2816 23.7216 23.5562 24.5922ZM19.0024 21.6113H16.9968V7.27336C17.643 7.50188 18.3459 7.50552 19.0024 7.27336V21.6113ZM30.9027 5.9473L33.3874 13.5849H28.0605L30.5452 5.9473C30.6774 5.9585 30.7706 5.9585 30.9027 5.9473Z\" fill=\"#94BE3C\"><\/path><\/g><\/g><defs><clipPath id=\"clip0_4134_1740\"><rect width=\"42\" height=\"42\" fill=\"white\" transform=\"matrix(1 0 0 -1 0.654785 42.17)\"><\/rect><\/clipPath><clipPath id=\"clip1_4134_1740\"><rect width=\"34\" height=\"42\" fill=\"white\" transform=\"translate(1)\"><\/rect><\/clipPath><\/defs><\/svg>\t\t\t\t\t\t<\/span>\n\t\t\t\t\t\t\t\t\t\t<span class=\"elementor-icon-list-text\"><h1 style=\"font-size:40px\">Fiscal y contable <\/h1><\/span>\n\t\t\t\t\t\t\t\t\t<\/li>\n\t\t\t\t\t\t<\/ul>\n\t\t\t\t\t\t<\/div>\n\t\t\t\t<\/div>\n\t\t\t\t<div class=\"elementor-element elementor-element-2bc991c elementor-icon-list--layout-traditional elementor-list-item-link-full_width elementor-widget elementor-widget-icon-list\" data-id=\"2bc991c\" data-element_type=\"widget\" data-widget_type=\"icon-list.default\">\n\t\t\t\t<div class=\"elementor-widget-container\">\n\t\t\t\t\t\t\t<ul class=\"elementor-icon-list-items\">\n\t\t\t\t\t\t\t<li class=\"elementor-icon-list-item\">\n\t\t\t\t\t\t\t\t\t\t\t<span class=\"elementor-icon-list-icon\">\n\t\t\t\t\t\t\t<svg xmlns=\"http:\/\/www.w3.org\/2000\/svg\" width=\"26\" height=\"26\" viewBox=\"0 0 26 26\" fill=\"none\"><path d=\"M23.75 10.4583V21.9375C23.75 22.9385 22.9385 23.75 21.9375 23.75H3.8125C2.81149 23.75 2 22.9385 2 21.9375V3.8125C2 2.81149 2.81149 2 3.8125 2H16.5\" stroke=\"#94BE3C\" stroke-width=\"4\" stroke-linecap=\"round\" stroke-linejoin=\"round\"><\/path><path d=\"M8.0415 10.4583L14.0832 15.2916L23.1457 2.60413\" stroke=\"#94BE3C\" stroke-width=\"4\" stroke-linecap=\"round\" stroke-linejoin=\"round\"><\/path><\/svg>\t\t\t\t\t\t<\/span>\n\t\t\t\t\t\t\t\t\t\t<span class=\"elementor-icon-list-text\">Asesoramiento y planificiaci\u00f3n fiscal y contable.<\/span>\n\t\t\t\t\t\t\t\t\t<\/li>\n\t\t\t\t\t\t\t\t<li class=\"elementor-icon-list-item\">\n\t\t\t\t\t\t\t\t\t\t\t<span class=\"elementor-icon-list-icon\">\n\t\t\t\t\t\t\t<svg xmlns=\"http:\/\/www.w3.org\/2000\/svg\" width=\"26\" height=\"26\" viewBox=\"0 0 26 26\" fill=\"none\"><path d=\"M23.75 10.4583V21.9375C23.75 22.9385 22.9385 23.75 21.9375 23.75H3.8125C2.81149 23.75 2 22.9385 2 21.9375V3.8125C2 2.81149 2.81149 2 3.8125 2H16.5\" stroke=\"#94BE3C\" stroke-width=\"4\" stroke-linecap=\"round\" stroke-linejoin=\"round\"><\/path><path d=\"M8.0415 10.4583L14.0832 15.2916L23.1457 2.60413\" stroke=\"#94BE3C\" stroke-width=\"4\" stroke-linecap=\"round\" stroke-linejoin=\"round\"><\/path><\/svg>\t\t\t\t\t\t<\/span>\n\t\t\t\t\t\t\t\t\t\t<span class=\"elementor-icon-list-text\">Preparaci\u00f3n y presentaci\u00f3n liquidaciones de impuestos: IRPF, IVA, IAE e Impuesto Sociedades.<\/span>\n\t\t\t\t\t\t\t\t\t<\/li>\n\t\t\t\t\t\t\t\t<li class=\"elementor-icon-list-item\">\n\t\t\t\t\t\t\t\t\t\t\t<span class=\"elementor-icon-list-icon\">\n\t\t\t\t\t\t\t<svg xmlns=\"http:\/\/www.w3.org\/2000\/svg\" width=\"26\" height=\"26\" viewBox=\"0 0 26 26\" fill=\"none\"><path d=\"M23.75 10.4583V21.9375C23.75 22.9385 22.9385 23.75 21.9375 23.75H3.8125C2.81149 23.75 2 22.9385 2 21.9375V3.8125C2 2.81149 2.81149 2 3.8125 2H16.5\" stroke=\"#94BE3C\" stroke-width=\"4\" stroke-linecap=\"round\" stroke-linejoin=\"round\"><\/path><path d=\"M8.0415 10.4583L14.0832 15.2916L23.1457 2.60413\" stroke=\"#94BE3C\" stroke-width=\"4\" stroke-linecap=\"round\" stroke-linejoin=\"round\"><\/path><\/svg>\t\t\t\t\t\t<\/span>\n\t\t\t\t\t\t\t\t\t\t<span class=\"elementor-icon-list-text\">Cierres contables, confecci\u00f3n de libros registros de ingresos, gastos y bienes de inversi\u00f3n con sus fichas de amortizaci\u00f3n.<\/span>\n\t\t\t\t\t\t\t\t\t<\/li>\n\t\t\t\t\t\t\t\t<li class=\"elementor-icon-list-item\">\n\t\t\t\t\t\t\t\t\t\t\t<span class=\"elementor-icon-list-icon\">\n\t\t\t\t\t\t\t<svg xmlns=\"http:\/\/www.w3.org\/2000\/svg\" width=\"26\" height=\"26\" viewBox=\"0 0 26 26\" fill=\"none\"><path d=\"M23.75 10.4583V21.9375C23.75 22.9385 22.9385 23.75 21.9375 23.75H3.8125C2.81149 23.75 2 22.9385 2 21.9375V3.8125C2 2.81149 2.81149 2 3.8125 2H16.5\" stroke=\"#94BE3C\" stroke-width=\"4\" stroke-linecap=\"round\" stroke-linejoin=\"round\"><\/path><path d=\"M8.0415 10.4583L14.0832 15.2916L23.1457 2.60413\" stroke=\"#94BE3C\" stroke-width=\"4\" stroke-linecap=\"round\" stroke-linejoin=\"round\"><\/path><\/svg>\t\t\t\t\t\t<\/span>\n\t\t\t\t\t\t\t\t\t\t<span class=\"elementor-icon-list-text\">An\u00e1lisis de balance de situaci\u00f3n y cuenta de p\u00e9rdidas y ganancias.<\/span>\n\t\t\t\t\t\t\t\t\t<\/li>\n\t\t\t\t\t\t\t\t<li class=\"elementor-icon-list-item\">\n\t\t\t\t\t\t\t\t\t\t\t<span class=\"elementor-icon-list-icon\">\n\t\t\t\t\t\t\t<svg xmlns=\"http:\/\/www.w3.org\/2000\/svg\" width=\"26\" height=\"26\" viewBox=\"0 0 26 26\" fill=\"none\"><path d=\"M23.75 10.4583V21.9375C23.75 22.9385 22.9385 23.75 21.9375 23.75H3.8125C2.81149 23.75 2 22.9385 2 21.9375V3.8125C2 2.81149 2.81149 2 3.8125 2H16.5\" stroke=\"#94BE3C\" stroke-width=\"4\" stroke-linecap=\"round\" stroke-linejoin=\"round\"><\/path><path d=\"M8.0415 10.4583L14.0832 15.2916L23.1457 2.60413\" stroke=\"#94BE3C\" stroke-width=\"4\" stroke-linecap=\"round\" stroke-linejoin=\"round\"><\/path><\/svg>\t\t\t\t\t\t<\/span>\n\t\t\t\t\t\t\t\t\t\t<span class=\"elementor-icon-list-text\">Obligaciones censales (modelo 036).<\/span>\n\t\t\t\t\t\t\t\t\t<\/li>\n\t\t\t\t\t\t\t\t<li class=\"elementor-icon-list-item\">\n\t\t\t\t\t\t\t\t\t\t\t<span class=\"elementor-icon-list-icon\">\n\t\t\t\t\t\t\t<svg xmlns=\"http:\/\/www.w3.org\/2000\/svg\" width=\"26\" height=\"26\" viewBox=\"0 0 26 26\" fill=\"none\"><path d=\"M23.75 10.4583V21.9375C23.75 22.9385 22.9385 23.75 21.9375 23.75H3.8125C2.81149 23.75 2 22.9385 2 21.9375V3.8125C2 2.81149 2.81149 2 3.8125 2H16.5\" stroke=\"#94BE3C\" stroke-width=\"4\" stroke-linecap=\"round\" stroke-linejoin=\"round\"><\/path><path d=\"M8.0415 10.4583L14.0832 15.2916L23.1457 2.60413\" stroke=\"#94BE3C\" stroke-width=\"4\" stroke-linecap=\"round\" stroke-linejoin=\"round\"><\/path><\/svg>\t\t\t\t\t\t<\/span>\n\t\t\t\t\t\t\t\t\t\t<span class=\"elementor-icon-list-text\">Inspecciones.<\/span>\n\t\t\t\t\t\t\t\t\t<\/li>\n\t\t\t\t\t\t<\/ul>\n\t\t\t\t\t\t<\/div>\n\t\t\t\t<\/div>\n\t\t\t\t<\/div>\n\t\t<div class=\"elementor-element elementor-element-2a81570 e-con-full e-flex e-con e-child\" data-id=\"2a81570\" data-element_type=\"container\">\n\t\t\t\t<div class=\"elementor-element elementor-element-6f1692d elementor-widget elementor-widget-image\" data-id=\"6f1692d\" data-element_type=\"widget\" data-widget_type=\"image.default\">\n\t\t\t\t<div class=\"elementor-widget-container\">\n\t\t\t\t\t\t\t\t\t\t\t\t\t\t\t<img decoding=\"async\" src=\"https:\/\/dcorreas.com\/wp-content\/uploads\/2024\/10\/Correas-Banner-de-imagen-pagina-web-4-e1730192515776.png\" title=\"Correas Banner de imagen p\u00e1gina web (4)\" alt=\"Correas Banner de imagen p\u00e1gina web (4)\" loading=\"lazy\" \/>\t\t\t\t\t\t\t\t\t\t\t\t\t\t\t<\/div>\n\t\t\t\t<\/div>\n\t\t\t\t<\/div>\n\t\t\t\t<\/div>\n\t\t\t\t\t<\/div>\n\t\t\t\t<\/div>\n\t\t\t\t<\/div>\n\t\t","protected":false},"excerpt":{"rendered":"<p>Fiscal y contable Asesoramiento y planificiaci\u00f3n fiscal y contable. Preparaci\u00f3n y presentaci\u00f3n liquidaciones de impuestos: IRPF, IVA, IAE e Impuesto Sociedades. Cierres contables, confecci\u00f3n de libros registros de ingresos, gastos y bienes de inversi\u00f3n con sus fichas de amortizaci\u00f3n. An\u00e1lisis de balance de situaci\u00f3n y cuenta de p\u00e9rdidas y ganancias. Obligaciones censales (modelo 036). Inspecciones.<\/p>\n","protected":false},"author":2,"featured_media":0,"parent":0,"menu_order":0,"comment_status":"closed","ping_status":"closed","template":"","meta":{"footnotes":""},"class_list":["post-232","page","type-page","status-publish","hentry"],"_links":{"self":[{"href":"https:\/\/dcorreas.com\/index.php\/wp-json\/wp\/v2\/pages\/232","targetHints":{"allow":["GET"]}}],"collection":[{"href":"https:\/\/dcorreas.com\/index.php\/wp-json\/wp\/v2\/pages"}],"about":[{"href":"https:\/\/dcorreas.com\/index.php\/wp-json\/wp\/v2\/types\/page"}],"author":[{"embeddable":true,"href":"https:\/\/dcorreas.com\/index.php\/wp-json\/wp\/v2\/users\/2"}],"replies":[{"embeddable":true,"href":"https:\/\/dcorreas.com\/index.php\/wp-json\/wp\/v2\/comments?post=232"}],"version-history":[{"count":38,"href":"https:\/\/dcorreas.com\/index.php\/wp-json\/wp\/v2\/pages\/232\/revisions"}],"predecessor-version":[{"id":1326,"href":"https:\/\/dcorreas.com\/index.php\/wp-json\/wp\/v2\/pages\/232\/revisions\/1326"}],"wp:attachment":[{"href":"https:\/\/dcorreas.com\/index.php\/wp-json\/wp\/v2\/media?parent=232"}],"curies":[{"name":"wp","href":"https:\/\/api.w.org\/{rel}","templated":true}]}}