{"id":268,"date":"2024-10-18T15:49:02","date_gmt":"2024-10-18T15:49:02","guid":{"rendered":"https:\/\/dcorreas.com\/?page_id=268"},"modified":"2024-10-29T08:59:36","modified_gmt":"2024-10-29T08:59:36","slug":"laboral","status":"publish","type":"page","link":"https:\/\/dcorreas.com\/index.php\/laboral\/","title":{"rendered":"Laboral"},"content":{"rendered":"\t\t<div data-elementor-type=\"wp-page\" data-elementor-id=\"268\" class=\"elementor elementor-268\" data-elementor-post-type=\"page\">\n\t\t\t\t<div class=\"elementor-element elementor-element-6663785 e-flex e-con-boxed e-con e-parent\" data-id=\"6663785\" data-element_type=\"container\" data-settings=\"{&quot;background_background&quot;:&quot;classic&quot;}\">\n\t\t\t\t\t<div class=\"e-con-inner\">\n\t\t<div class=\"elementor-element elementor-element-37d3270 e-grid e-con-full e-con e-child\" data-id=\"37d3270\" data-element_type=\"container\">\n\t\t<div class=\"elementor-element elementor-element-8115cba e-con-full e-flex e-con e-child\" data-id=\"8115cba\" data-element_type=\"container\">\n\t\t\t\t<div class=\"elementor-element elementor-element-86f3c26 elementor-icon-list--layout-traditional elementor-list-item-link-full_width elementor-widget elementor-widget-icon-list\" data-id=\"86f3c26\" data-element_type=\"widget\" data-widget_type=\"icon-list.default\">\n\t\t\t\t<div class=\"elementor-widget-container\">\n\t\t\t\t\t\t\t<ul class=\"elementor-icon-list-items\">\n\t\t\t\t\t\t\t<li class=\"elementor-icon-list-item\">\n\t\t\t\t\t\t\t\t\t\t\t<span class=\"elementor-icon-list-icon\">\n\t\t\t\t\t\t\t<svg xmlns=\"http:\/\/www.w3.org\/2000\/svg\" width=\"43\" height=\"43\" viewBox=\"0 0 43 43\" fill=\"none\"><g clip-path=\"url(#clip0_4134_1845)\"><path d=\"M38.8743 32.997C39.7039 31.8562 40.1536 30.4833 40.1595 29.0728C40.1684 28.8873 40.1033 28.7059 39.9785 28.5684C39.8536 28.431 39.6793 28.3487 39.4938 28.3399C39.1091 28.3255 38.7835 28.6213 38.7609 29.0056C38.7662 30.1235 38.4218 31.215 37.776 32.1276C36.4103 33.8524 33.8189 33.9399 33.3128 33.9399C32.9262 33.9399 32.6128 34.2533 32.6128 34.6399C32.6128 35.0265 32.9262 35.3399 33.3128 35.3399C33.9316 35.3399 37.1075 35.2272 38.8743 32.997Z\" fill=\"#94BE3C\"><\/path><path d=\"M24.7799 24.14C24.7799 23.7534 24.4665 23.44 24.0799 23.44C23.6933 23.44 23.3799 23.7534 23.3799 24.14C23.3799 25.6864 24.6335 26.94 26.1799 26.94V27.64C26.1799 28.0266 26.4933 28.34 26.8799 28.34C27.2665 28.34 27.5799 28.0266 27.5799 27.64V26.94C29.1263 26.94 30.3799 25.6864 30.3799 24.14C30.3799 22.5936 29.1263 21.34 27.5799 21.34V18.54C28.3531 18.54 28.9799 19.1668 28.9799 19.94C28.9799 20.3266 29.2933 20.64 29.6799 20.64C30.0665 20.64 30.3799 20.3266 30.3799 19.94C30.3799 18.3936 29.1263 17.14 27.5799 17.14V16.44C27.5799 16.0534 27.2665 15.74 26.8799 15.74C26.4933 15.74 26.1799 16.0534 26.1799 16.44V17.14C24.6335 17.14 23.3799 18.3936 23.3799 19.94C23.3799 21.4864 24.6335 22.74 26.1799 22.74V25.54C25.4067 25.54 24.7799 24.9132 24.7799 24.14ZM24.7799 19.94C24.7799 19.1668 25.4067 18.54 26.1799 18.54V21.34C25.4067 21.34 24.7799 20.7132 24.7799 19.94ZM27.5799 22.74C28.3531 22.74 28.9799 23.3668 28.9799 24.14C28.9799 24.9132 28.3531 25.54 27.5799 25.54V22.74Z\" fill=\"#94BE3C\"><\/path><path d=\"M42.3948 23.9791C40.67 16.6494 36.8354 12.4025 34.0662 10.1842C37.5389 10.446 38.6568 11.8908 38.6897 11.9342C38.909 12.2473 39.3389 12.3265 39.6554 12.1122C39.9719 11.898 40.0581 11.4694 39.8489 11.1495C39.7985 11.0739 38.8262 9.68509 35.9989 9.04949C36.7218 8.45518 37.1495 7.57503 37.17 6.63939C37.0764 5.08815 35.9965 3.77273 34.4932 3.37879C34.5548 2.87315 34.5861 2.36427 34.587 1.85489C34.5862 1.38561 34.3504 0.947919 33.9589 0.68917C33.5674 0.430421 33.0723 0.385035 32.6403 0.568289C32.2869 0.728292 31.9586 0.938865 31.6659 1.19339C31.3224 1.54641 30.8494 1.74367 30.3569 1.73939C29.8651 1.74285 29.3931 1.54568 29.05 1.19339C27.8163 0.0540265 25.9142 0.0540265 24.6806 1.19339C24.337 1.54718 23.8633 1.74455 23.3702 1.73939C22.8785 1.74348 22.4065 1.54619 22.064 1.19339C21.772 0.939411 21.4447 0.729092 21.0924 0.568989C20.6607 0.386963 20.1665 0.43297 19.7758 0.691565C19.3851 0.95016 19.1496 1.38706 19.1485 1.85559C19.1485 3.59719 19.4929 6.70379 21.6734 8.78979C20.5274 9.4866 19.4572 10.3009 18.48 11.2195V5.93939C18.48 4.34339 16.2225 3.13939 13.23 3.13939C10.2375 3.13939 7.97998 4.34339 7.97998 5.93939V12.9919C5.52508 13.2369 3.77998 14.3394 3.77998 15.7394V33.5439C2.08878 33.9982 0.97998 34.9194 0.97998 36.0394V39.5394C0.97998 41.1354 3.23748 42.3394 6.22998 42.3394C8.90608 42.3394 10.99 41.3755 11.4009 40.0294C12.6092 40.6692 13.9634 40.9828 15.33 40.9394C18.3225 40.9394 20.58 39.7354 20.58 38.1394V29.0394C20.58 27.4434 18.3225 26.2394 15.33 26.2394C14.9793 26.2392 14.6289 26.2567 14.28 26.2919V15.7394C14.28 14.2064 12.1961 13.0388 9.37998 12.9485V7.87769C10.5708 8.48297 11.8947 8.77928 13.23 8.73939C14.5652 8.77928 15.8891 8.48297 17.08 7.87769V12.6517C16.6187 13.1676 16.1553 13.7297 15.6982 14.3527C15.4889 14.6644 15.5627 15.0857 15.8656 15.3076C16.1685 15.5295 16.5925 15.4729 16.8266 15.1794C17.2762 14.5707 17.758 13.9866 18.27 13.4294C18.2756 13.4231 18.2805 13.4168 18.2861 13.4112C19.6223 11.9261 21.1915 10.6686 22.932 9.68789C23.2751 9.85341 23.6381 9.9741 24.0121 10.047L22.2075 11.7312C21.9249 11.9952 21.9098 12.4384 22.1739 12.721C22.4379 13.0036 22.8811 13.0186 23.1637 12.7546L25.9637 10.1429H26.187V12.2429C26.187 12.6295 26.5004 12.9429 26.887 12.9429C27.2736 12.9429 27.587 12.6295 27.587 12.2429V10.1394H27.8103L30.6103 12.7511C30.7931 12.9219 31.0531 12.9822 31.2925 12.9093C31.5318 12.8364 31.7141 12.6413 31.7706 12.3976C31.8271 12.1539 31.7493 11.8985 31.5665 11.7277L29.75 10.0365C30.1217 9.96292 30.4824 9.84176 30.8231 9.67599C32.6732 10.677 38.7548 14.632 41.0326 24.2997C42.0231 28.5081 41.6661 31.7274 39.9721 33.8659C37.8049 36.5994 34.0445 36.7394 33.313 36.7394H23.38C22.9934 36.7394 22.68 37.0528 22.68 37.4394C22.68 37.826 22.9934 38.1394 23.38 38.1394H33.313C34.503 38.1394 38.5665 37.8937 41.069 34.7353C43.0416 32.244 43.4882 28.625 42.3948 23.9791ZM6.22998 34.6394C8.54488 34.6394 10.08 35.4794 10.08 36.0394C10.08 36.5994 8.54488 37.4394 6.22998 37.4394C3.91508 37.4394 2.37998 36.5994 2.37998 36.0394C2.37998 35.4794 3.91508 34.6394 6.22998 34.6394ZM6.22998 40.9394C3.91508 40.9394 2.37998 40.0994 2.37998 39.5394V37.9777C3.57084 38.583 4.89472 38.8793 6.22998 38.8394C7.56524 38.8793 8.88912 38.583 10.08 37.9777V39.5394C10.08 40.0994 8.54488 40.9394 6.22998 40.9394ZM15.33 39.5394C13.0151 39.5394 11.48 38.6994 11.48 38.1394V30.9777C12.6708 31.583 13.9947 31.8793 15.33 31.8394C16.6652 31.8793 17.9891 31.583 19.18 30.9777V38.1394C19.18 38.6994 17.6449 39.5394 15.33 39.5394ZM19.18 29.0394C19.18 29.5994 17.6449 30.4394 15.33 30.4394C13.0151 30.4394 11.48 29.5994 11.48 29.0394C11.48 28.4794 13.0151 27.6394 15.33 27.6394C17.6449 27.6394 19.18 28.4794 19.18 29.0394ZM10.08 29.0394V34.1011C8.88912 33.4958 7.56524 33.1995 6.22998 33.2394C5.87932 33.2392 5.52887 33.2567 5.17998 33.2919V17.6777C6.37084 18.283 7.69472 18.5793 9.02998 18.5394C10.3652 18.5793 11.6891 18.283 12.88 17.6777V26.5439C11.1888 26.9982 10.08 27.9194 10.08 29.0394ZM12.88 15.7394C12.88 16.2994 11.3449 17.1394 9.02998 17.1394C6.71508 17.1394 5.17998 16.2994 5.17998 15.7394C5.17998 15.1794 6.71508 14.3394 9.02998 14.3394C11.3449 14.3394 12.88 15.1794 12.88 15.7394ZM13.23 7.33939C10.9151 7.33939 9.37998 6.49939 9.37998 5.93939C9.37998 5.37939 10.9151 4.53939 13.23 4.53939C15.5449 4.53939 17.08 5.37939 17.08 5.93939C17.08 6.49939 15.5449 7.33939 13.23 7.33939ZM35.77 6.63939C35.77 7.78669 34.5275 8.72819 32.97 8.73939C32.7095 8.73774 32.4499 8.70793 32.1958 8.65049C33.2118 7.56658 33.9179 6.22966 34.2405 4.77949C35.0831 5.02776 35.6891 5.76471 35.77 6.63939ZM21.1876 2.28539C21.7787 2.83932 22.5601 3.14504 23.3702 3.13939C24.1808 3.14547 24.9627 2.83972 25.5542 2.28539C25.9002 1.93605 26.3715 1.73951 26.8632 1.73951C27.3549 1.73951 27.8262 1.93605 28.1722 2.28539C28.7637 2.84014 29.546 3.14594 30.3569 3.13939C31.1677 3.14565 31.9499 2.83989 32.5416 2.28539C32.7356 2.11394 32.9514 1.96895 33.1835 1.85419C33.1835 3.15409 32.942 6.36779 30.6866 8.12969C30.1792 8.51077 29.5641 8.72127 28.9296 8.73099C29.5356 7.69017 30.0152 6.58076 30.3583 5.42629C30.4253 5.18521 30.3586 4.92668 30.1833 4.7481C30.0081 4.56951 29.7508 4.498 29.5086 4.56049C29.2663 4.62299 29.0757 4.81001 29.0087 5.05109C28.621 6.36692 28.025 7.61214 27.2433 8.73939H26.5237C25.7435 7.61114 25.1474 6.36622 24.7576 5.05109C24.6538 4.6786 24.2677 4.46079 23.8952 4.56459C23.5227 4.66839 23.3049 5.0545 23.4087 5.42699C23.7521 6.58245 24.2322 7.69281 24.8388 8.73449C24.1916 8.73117 23.5627 8.51933 23.0454 8.13039C20.79 6.36919 20.5485 3.15549 20.5485 1.85979C20.7805 1.97093 20.9956 2.1142 21.1876 2.28539Z\" fill=\"#94BE3C\"><\/path><path d=\"M38.8743 32.9969C39.7039 31.8561 40.1536 30.4832 40.1595 29.0727C40.1684 28.8872 40.1033 28.7058 39.9785 28.5684C39.8536 28.4309 39.6793 28.3487 39.4938 28.3398C39.1094 28.3262 38.7842 28.6216 38.7609 29.0055C38.7662 30.1234 38.4218 31.215 37.776 32.1275C36.4103 33.8523 33.8189 33.9398 33.3128 33.9398C32.9262 33.9398 32.6128 34.2532 32.6128 34.6398C32.6128 35.0264 32.9262 35.3398 33.3128 35.3398C33.9316 35.3398 37.1075 35.2271 38.8743 32.9969Z\" fill=\"#94BE3C\"><\/path><\/g><defs><clipPath id=\"clip0_4134_1845\"><rect width=\"42\" height=\"42\" fill=\"white\" transform=\"translate(0.97998 0.339844)\"><\/rect><\/clipPath><\/defs><\/svg>\t\t\t\t\t\t<\/span>\n\t\t\t\t\t\t\t\t\t\t<span class=\"elementor-icon-list-text\"><h1 style=\"font-size:40px\">Laboral<\/h1><\/span>\n\t\t\t\t\t\t\t\t\t<\/li>\n\t\t\t\t\t\t<\/ul>\n\t\t\t\t\t\t<\/div>\n\t\t\t\t<\/div>\n\t\t\t\t<div class=\"elementor-element elementor-element-8971ff1 elementor-icon-list--layout-traditional elementor-list-item-link-full_width elementor-widget elementor-widget-icon-list\" data-id=\"8971ff1\" data-element_type=\"widget\" data-widget_type=\"icon-list.default\">\n\t\t\t\t<div class=\"elementor-widget-container\">\n\t\t\t\t\t\t\t<ul class=\"elementor-icon-list-items\">\n\t\t\t\t\t\t\t<li class=\"elementor-icon-list-item\">\n\t\t\t\t\t\t\t\t\t\t\t<span class=\"elementor-icon-list-icon\">\n\t\t\t\t\t\t\t<svg xmlns=\"http:\/\/www.w3.org\/2000\/svg\" width=\"26\" height=\"26\" viewBox=\"0 0 26 26\" fill=\"none\"><path d=\"M23.75 10.4583V21.9375C23.75 22.9385 22.9385 23.75 21.9375 23.75H3.8125C2.81149 23.75 2 22.9385 2 21.9375V3.8125C2 2.81149 2.81149 2 3.8125 2H16.5\" stroke=\"#94BE3C\" stroke-width=\"4\" stroke-linecap=\"round\" stroke-linejoin=\"round\"><\/path><path d=\"M8.0415 10.4583L14.0832 15.2916L23.1457 2.60413\" stroke=\"#94BE3C\" stroke-width=\"4\" stroke-linecap=\"round\" stroke-linejoin=\"round\"><\/path><\/svg>\t\t\t\t\t\t<\/span>\n\t\t\t\t\t\t\t\t\t\t<span class=\"elementor-icon-list-text\">Confecci\u00f3n de n\u00f3minas y seguros sociales mensualmente. Simulaci\u00f3n de costes salariales.<\/span>\n\t\t\t\t\t\t\t\t\t<\/li>\n\t\t\t\t\t\t\t\t<li class=\"elementor-icon-list-item\">\n\t\t\t\t\t\t\t\t\t\t\t<span class=\"elementor-icon-list-icon\">\n\t\t\t\t\t\t\t<svg xmlns=\"http:\/\/www.w3.org\/2000\/svg\" width=\"26\" height=\"26\" viewBox=\"0 0 26 26\" fill=\"none\"><path d=\"M23.75 10.4583V21.9375C23.75 22.9385 22.9385 23.75 21.9375 23.75H3.8125C2.81149 23.75 2 22.9385 2 21.9375V3.8125C2 2.81149 2.81149 2 3.8125 2H16.5\" stroke=\"#94BE3C\" stroke-width=\"4\" stroke-linecap=\"round\" stroke-linejoin=\"round\"><\/path><path d=\"M8.0415 10.4583L14.0832 15.2916L23.1457 2.60413\" stroke=\"#94BE3C\" stroke-width=\"4\" stroke-linecap=\"round\" stroke-linejoin=\"round\"><\/path><\/svg>\t\t\t\t\t\t<\/span>\n\t\t\t\t\t\t\t\t\t\t<span class=\"elementor-icon-list-text\">Presentaci\u00f3n de modelos 111 trimestrales y 190 anual. Modelos 145.<\/span>\n\t\t\t\t\t\t\t\t\t<\/li>\n\t\t\t\t\t\t\t\t<li class=\"elementor-icon-list-item\">\n\t\t\t\t\t\t\t\t\t\t\t<span class=\"elementor-icon-list-icon\">\n\t\t\t\t\t\t\t<svg xmlns=\"http:\/\/www.w3.org\/2000\/svg\" width=\"26\" height=\"26\" viewBox=\"0 0 26 26\" fill=\"none\"><path d=\"M23.75 10.4583V21.9375C23.75 22.9385 22.9385 23.75 21.9375 23.75H3.8125C2.81149 23.75 2 22.9385 2 21.9375V3.8125C2 2.81149 2.81149 2 3.8125 2H16.5\" stroke=\"#94BE3C\" stroke-width=\"4\" stroke-linecap=\"round\" stroke-linejoin=\"round\"><\/path><path d=\"M8.0415 10.4583L14.0832 15.2916L23.1457 2.60413\" stroke=\"#94BE3C\" stroke-width=\"4\" stroke-linecap=\"round\" stroke-linejoin=\"round\"><\/path><\/svg>\t\t\t\t\t\t<\/span>\n\t\t\t\t\t\t\t\t\t\t<span class=\"elementor-icon-list-text\">Contratos de trabajadores.<\/span>\n\t\t\t\t\t\t\t\t\t<\/li>\n\t\t\t\t\t\t\t\t<li class=\"elementor-icon-list-item\">\n\t\t\t\t\t\t\t\t\t\t\t<span class=\"elementor-icon-list-icon\">\n\t\t\t\t\t\t\t<svg xmlns=\"http:\/\/www.w3.org\/2000\/svg\" width=\"26\" height=\"26\" viewBox=\"0 0 26 26\" fill=\"none\"><path d=\"M23.75 10.4583V21.9375C23.75 22.9385 22.9385 23.75 21.9375 23.75H3.8125C2.81149 23.75 2 22.9385 2 21.9375V3.8125C2 2.81149 2.81149 2 3.8125 2H16.5\" stroke=\"#94BE3C\" stroke-width=\"4\" stroke-linecap=\"round\" stroke-linejoin=\"round\"><\/path><path d=\"M8.0415 10.4583L14.0832 15.2916L23.1457 2.60413\" stroke=\"#94BE3C\" stroke-width=\"4\" stroke-linecap=\"round\" stroke-linejoin=\"round\"><\/path><\/svg>\t\t\t\t\t\t<\/span>\n\t\t\t\t\t\t\t\t\t\t<span class=\"elementor-icon-list-text\">Comunicaciones de accidentes de trabajo DELT@.<\/span>\n\t\t\t\t\t\t\t\t\t<\/li>\n\t\t\t\t\t\t\t\t<li class=\"elementor-icon-list-item\">\n\t\t\t\t\t\t\t\t\t\t\t<span class=\"elementor-icon-list-icon\">\n\t\t\t\t\t\t\t<svg xmlns=\"http:\/\/www.w3.org\/2000\/svg\" width=\"26\" height=\"26\" viewBox=\"0 0 26 26\" fill=\"none\"><path d=\"M23.75 10.4583V21.9375C23.75 22.9385 22.9385 23.75 21.9375 23.75H3.8125C2.81149 23.75 2 22.9385 2 21.9375V3.8125C2 2.81149 2.81149 2 3.8125 2H16.5\" stroke=\"#94BE3C\" stroke-width=\"4\" stroke-linecap=\"round\" stroke-linejoin=\"round\"><\/path><path d=\"M8.0415 10.4583L14.0832 15.2916L23.1457 2.60413\" stroke=\"#94BE3C\" stroke-width=\"4\" stroke-linecap=\"round\" stroke-linejoin=\"round\"><\/path><\/svg>\t\t\t\t\t\t<\/span>\n\t\t\t\t\t\t\t\t\t\t<span class=\"elementor-icon-list-text\">Comunicaciones por embargo de salario.<\/span>\n\t\t\t\t\t\t\t\t\t<\/li>\n\t\t\t\t\t\t\t\t<li class=\"elementor-icon-list-item\">\n\t\t\t\t\t\t\t\t\t\t\t<span class=\"elementor-icon-list-icon\">\n\t\t\t\t\t\t\t<svg xmlns=\"http:\/\/www.w3.org\/2000\/svg\" width=\"26\" height=\"26\" viewBox=\"0 0 26 26\" fill=\"none\"><path d=\"M23.75 10.4583V21.9375C23.75 22.9385 22.9385 23.75 21.9375 23.75H3.8125C2.81149 23.75 2 22.9385 2 21.9375V3.8125C2 2.81149 2.81149 2 3.8125 2H16.5\" stroke=\"#94BE3C\" stroke-width=\"4\" stroke-linecap=\"round\" stroke-linejoin=\"round\"><\/path><path d=\"M8.0415 10.4583L14.0832 15.2916L23.1457 2.60413\" stroke=\"#94BE3C\" stroke-width=\"4\" stroke-linecap=\"round\" stroke-linejoin=\"round\"><\/path><\/svg>\t\t\t\t\t\t<\/span>\n\t\t\t\t\t\t\t\t\t\t<span class=\"elementor-icon-list-text\">Despidos, inspecciones laborales...<\/span>\n\t\t\t\t\t\t\t\t\t<\/li>\n\t\t\t\t\t\t<\/ul>\n\t\t\t\t\t\t<\/div>\n\t\t\t\t<\/div>\n\t\t\t\t<\/div>\n\t\t<div class=\"elementor-element elementor-element-34a6227 e-con-full e-flex e-con e-child\" data-id=\"34a6227\" data-element_type=\"container\">\n\t\t\t\t<div class=\"elementor-element elementor-element-1efb894 elementor-widget elementor-widget-image\" data-id=\"1efb894\" data-element_type=\"widget\" data-widget_type=\"image.default\">\n\t\t\t\t<div class=\"elementor-widget-container\">\n\t\t\t\t\t\t\t\t\t\t\t\t\t\t\t<img decoding=\"async\" src=\"https:\/\/dcorreas.com\/wp-content\/uploads\/2024\/10\/Correas-Banner-de-imagen-pagina-web-3-e1730192369454.png\" title=\"Correas Banner de imagen p\u00e1gina web (3)\" alt=\"Correas Banner de imagen p\u00e1gina web (3)\" loading=\"lazy\" \/>\t\t\t\t\t\t\t\t\t\t\t\t\t\t\t<\/div>\n\t\t\t\t<\/div>\n\t\t\t\t<\/div>\n\t\t\t\t<\/div>\n\t\t\t\t\t<\/div>\n\t\t\t\t<\/div>\n\t\t\t\t<\/div>\n\t\t","protected":false},"excerpt":{"rendered":"<p>Laboral Confecci\u00f3n de n\u00f3minas y seguros sociales mensualmente. Simulaci\u00f3n de costes salariales. Presentaci\u00f3n de modelos 111 trimestrales y 190 anual. Modelos 145. Contratos de trabajadores. Comunicaciones de accidentes de trabajo DELT@. Comunicaciones por embargo de salario. Despidos, inspecciones laborales&#8230;<\/p>\n","protected":false},"author":2,"featured_media":0,"parent":0,"menu_order":0,"comment_status":"closed","ping_status":"closed","template":"","meta":{"footnotes":""},"class_list":["post-268","page","type-page","status-publish","hentry"],"_links":{"self":[{"href":"https:\/\/dcorreas.com\/index.php\/wp-json\/wp\/v2\/pages\/268","targetHints":{"allow":["GET"]}}],"collection":[{"href":"https:\/\/dcorreas.com\/index.php\/wp-json\/wp\/v2\/pages"}],"about":[{"href":"https:\/\/dcorreas.com\/index.php\/wp-json\/wp\/v2\/types\/page"}],"author":[{"embeddable":true,"href":"https:\/\/dcorreas.com\/index.php\/wp-json\/wp\/v2\/users\/2"}],"replies":[{"embeddable":true,"href":"https:\/\/dcorreas.com\/index.php\/wp-json\/wp\/v2\/comments?post=268"}],"version-history":[{"count":25,"href":"https:\/\/dcorreas.com\/index.php\/wp-json\/wp\/v2\/pages\/268\/revisions"}],"predecessor-version":[{"id":1303,"href":"https:\/\/dcorreas.com\/index.php\/wp-json\/wp\/v2\/pages\/268\/revisions\/1303"}],"wp:attachment":[{"href":"https:\/\/dcorreas.com\/index.php\/wp-json\/wp\/v2\/media?parent=268"}],"curies":[{"name":"wp","href":"https:\/\/api.w.org\/{rel}","templated":true}]}}